{"id":243,"date":"2023-02-06T14:16:50","date_gmt":"2023-02-06T13:16:50","guid":{"rendered":"http:\/\/asso-avocatscambodge.org\/?page_id=243"},"modified":"2024-07-02T15:39:28","modified_gmt":"2024-07-02T13:39:28","slug":"mentions-legales","status":"publish","type":"page","link":"https:\/\/asso-avocatscambodge.org\/index.php\/mentions-legales\/","title":{"rendered":"Mentions l\u00e9gales"},"content":{"rendered":"\n<p class=\"has-large-font-size\"><strong>Association Franco-Cambodgienne des Avocats et Juristes &#8211; AFCAJ<\/strong><\/p>\n\n\n\n<p>8, rue de l&rsquo;Arcade &#8211; 75008 PARIS<\/p>\n\n\n\n<p><strong>Pr\u00e9sident :\u00a0<\/strong>M. Wissam MGHAZLI<\/p>\n\n\n\n<p><strong>Directeur de la publication :<\/strong>\u00a0M. Wissam MGHAZLI<\/p>\n\n\n\n<p><strong>Responsable de la r\u00e9daction :<\/strong>\u00a0M. Wissam MGHAZLI<\/p>\n\n\n\n<p><strong>Num\u00e9ro RNA :<\/strong>&nbsp;W751255445<\/p>\n\n\n\n<p><strong>E-mail :<\/strong>&nbsp;contact@asso-avocatscambodge.org<\/p>\n\n\n\n<p>La Commission europ\u00e9enne fournit une plateforme de r\u00e8glement des litiges en ligne (OS). Cette plateforme est disponible \u00e0 l&rsquo;adresse&nbsp;<a href=\"https:\/\/ec.europa.eu\/consumers\/odr\/\" target=\"_blank\" rel=\"noreferrer noopener\">https:\/\/ec.europa.eu\/consumers\/odr\/<\/a>. En tant que client, vous avez toujours la possibilit\u00e9 de contacter le conseil d&rsquo;arbitrage de la Commission europ\u00e9enne. Nous ne sommes ni dispos\u00e9s \u00e0, ni oblig\u00e9s de, participer \u00e0 une proc\u00e9dure de r\u00e8glement des litiges devant un conseil d&rsquo;arbitrage de la consommation.<\/p>\n\n\n\n<h2 class=\"wp-block-heading\">Politique en mati\u00e8re de cookies<\/h2>\n\n\n\n<p><strong>1. Qu&rsquo;est-ce qu&rsquo;un cookie ?<\/strong><br>Un cookie est un petit fichier constitu\u00e9 de lettres et de chiffres et t\u00e9l\u00e9charg\u00e9 sur votre ordinateur lorsque vous acc\u00e9dez \u00e0 certains sites web. En g\u00e9n\u00e9ral, les cookies permettent \u00e0 un site web de reconna\u00eetre l&rsquo;ordinateur de l\u2019utilisateur.<br>\u200b<br>La chose la plus importante \u00e0 savoir sur les cookies que nous pla\u00e7ons est qu&rsquo;ils servent \u00e0 am\u00e9liorer la convivialit\u00e9 de notre site web, par exemple en m\u00e9morisant les pr\u00e9f\u00e9rences du site et les param\u00e8tres linguistiques.<\/p>\n\n\n\n<p><strong>2. Pourquoi utilisons-nous des cookies ?<\/strong><br>Nous pouvons utiliser des cookies et d&rsquo;autres technologies similaires pour un certain nombre de raisons, par exemple : i) pour des besoins de s\u00e9curit\u00e9 ou de protection contre la fraude, et afin d&rsquo;identifier et de pr\u00e9venir les cyber-attaques, ii) pour vous fournir le service que vous avez choisi de recevoir de notre part, iii) pour contr\u00f4ler et analyser les performances, le fonctionnement et l&rsquo;efficacit\u00e9 de notre service et iv) d&rsquo;am\u00e9liorer votre exp\u00e9rience utilisateur.<\/p>\n\n\n\n<p><strong>3. Tableau des cookies :<\/strong><br>Dans cette section, vous devez mentionner les cookies que vous utilisez sur votre site. Pour plus d&rsquo;informations, cliquez ici.<\/p>\n\n\n\n<p><strong>4. Vos choix :<\/strong><br>Pour en savoir plus sur les cookies, notamment sur la mani\u00e8re de voir quels cookies ont \u00e9t\u00e9 d\u00e9finis et de comprendre comment les g\u00e9rer, les supprimer ou les bloquer, visitez https:\/\/aboutcookies.org\/ ou https:\/\/www.allaboutcookies.org\/fr\/.<\/p>\n\n\n\n<p>Il est \u00e9galement possible d&#8217;emp\u00eacher votre navigateur d&rsquo;accepter les cookies en modifiant les param\u00e8tres concern\u00e9s dans votre navigateur. Vous pouvez g\u00e9n\u00e9ralement trouver ces param\u00e8tres dans le menu \u00ab Options \u00bb ou \u00ab Pr\u00e9f\u00e9rences \u00bb de votre navigateur.<\/p>\n\n\n\n<p>Veuillez noter que la suppression de nos cookies ou la d\u00e9sactivation de futurs cookies ou technologies de suivi pourront vous emp\u00eacher d&rsquo;acc\u00e9der \u00e0 certaines zones ou fonctionnalit\u00e9s de nos services, ou pourront autrement affecter n\u00e9gativement votre exp\u00e9rience d&rsquo;utilisateur.<\/p>\n\n\n\n<p>Les liens suivants peuvent \u00eatre utiles, ou vous pouvez utiliser l&rsquo;option \u00ab Aide \u00bb de votre navigateur.<\/p>\n\n\n\n<ul class=\"wp-block-list\">\n<li>Param\u00e8tres des cookies dans Firefox<\/li>\n\n\n\n<li>Param\u00e8tres des cookies dans Internet Explorer<\/li>\n\n\n\n<li>Param\u00e8tres des cookies dans Google Chrome<\/li>\n\n\n\n<li>Param\u00e8tres des cookies dans Safari (OS X)<\/li>\n\n\n\n<li>Param\u00e8tres des cookies dans Safari (iOS)<\/li>\n\n\n\n<li>Param\u00e8tres des cookies dans Android<\/li>\n<\/ul>\n\n\n\n<p>Pour refuser et emp\u00eacher que vos donn\u00e9es soient utilis\u00e9es par Google Analytics sur tous les sites web, consultez les instructions suivantes : https:\/\/tools.google.com\/dlpage\/gaoptout?hl=fr.<\/p>\n\n\n\n<p>\u200bIl se peut que nous modifiions cette politique en mati\u00e8re de cookies. Nous vous encourageons \u00e0 consulter r\u00e9guli\u00e8rement cette page pour obtenir les derni\u00e8res informations sur les cookies.<\/p>\n\n\n\n<p>&nbsp;<\/p>\n","protected":false},"excerpt":{"rendered":"<p>Association Franco-Cambodgienne des Avocats et Juristes &#8211; AFCAJ 8, rue de l&rsquo;Arcade &#8211; 75008 PARIS Pr\u00e9sident :\u00a0M. Wissam MGHAZLI Directeur de la publication :\u00a0M. Wissam MGHAZLI Responsable de la r\u00e9daction&#8230;<\/p>\n","protected":false},"author":1,"featured_media":0,"parent":0,"menu_order":0,"comment_status":"closed","ping_status":"closed","template":"","meta":{"footnotes":""},"class_list":["post-243","page","type-page","status-publish"],"yoast_head":"<!-- This site is optimized with the Yoast SEO plugin v20.4 - https:\/\/yoast.com\/wordpress\/plugins\/seo\/ -->\n<title>Mentions l\u00e9gales - AFCAJ<\/title>\n<meta name=\"robots\" content=\"index, follow, max-snippet:-1, max-image-preview:large, max-video-preview:-1\" \/>\n<link rel=\"canonical\" href=\"http:\/\/asso-avocatscambodge.org\/index.php\/mentions-legales\/\" \/>\n<meta property=\"og:locale\" content=\"fr_FR\" \/>\n<meta property=\"og:type\" content=\"article\" \/>\n<meta property=\"og:title\" content=\"Mentions l\u00e9gales - AFCAJ\" \/>\n<meta property=\"og:description\" content=\"Association Franco-Cambodgienne des Avocats et Juristes &#8211; AFCAJ 8, rue de l&rsquo;Arcade &#8211; 75008 PARIS Pr\u00e9sident :\u00a0M. Wissam MGHAZLI Directeur de la publication :\u00a0M. Wissam MGHAZLI Responsable de la r\u00e9daction...\" \/>\n<meta property=\"og:url\" content=\"http:\/\/asso-avocatscambodge.org\/index.php\/mentions-legales\/\" \/>\n<meta property=\"og:site_name\" content=\"AFCAJ\" \/>\n<meta property=\"article:modified_time\" content=\"2024-07-02T13:39:28+00:00\" \/>\n<meta name=\"twitter:card\" content=\"summary_large_image\" \/>\n<meta name=\"twitter:label1\" content=\"Dur\u00e9e de lecture estim\u00e9e\" \/>\n\t<meta name=\"twitter:data1\" content=\"3 minutes\" \/>\n<script type=\"application\/ld+json\" class=\"yoast-schema-graph\">{\"@context\":\"https:\/\/schema.org\",\"@graph\":[{\"@type\":\"WebPage\",\"@id\":\"http:\/\/asso-avocatscambodge.org\/index.php\/mentions-legales\/\",\"url\":\"http:\/\/asso-avocatscambodge.org\/index.php\/mentions-legales\/\",\"name\":\"Mentions l\u00e9gales - AFCAJ\",\"isPartOf\":{\"@id\":\"http:\/\/asso-avocatscambodge.org\/#website\"},\"datePublished\":\"2023-02-06T13:16:50+00:00\",\"dateModified\":\"2024-07-02T13:39:28+00:00\",\"breadcrumb\":{\"@id\":\"http:\/\/asso-avocatscambodge.org\/index.php\/mentions-legales\/#breadcrumb\"},\"inLanguage\":\"fr-FR\",\"potentialAction\":[{\"@type\":\"ReadAction\",\"target\":[\"http:\/\/asso-avocatscambodge.org\/index.php\/mentions-legales\/\"]}]},{\"@type\":\"BreadcrumbList\",\"@id\":\"http:\/\/asso-avocatscambodge.org\/index.php\/mentions-legales\/#breadcrumb\",\"itemListElement\":[{\"@type\":\"ListItem\",\"position\":1,\"name\":\"Accueil\",\"item\":\"http:\/\/asso-avocatscambodge.org\/\"},{\"@type\":\"ListItem\",\"position\":2,\"name\":\"Mentions l\u00e9gales\"}]},{\"@type\":\"WebSite\",\"@id\":\"http:\/\/asso-avocatscambodge.org\/#website\",\"url\":\"http:\/\/asso-avocatscambodge.org\/\",\"name\":\"Site de l'association\",\"description\":\"Association Franco-Cambodgienne des Avocats et Juristes\",\"publisher\":{\"@id\":\"http:\/\/asso-avocatscambodge.org\/#organization\"},\"potentialAction\":[{\"@type\":\"SearchAction\",\"target\":{\"@type\":\"EntryPoint\",\"urlTemplate\":\"http:\/\/asso-avocatscambodge.org\/?s={search_term_string}\"},\"query-input\":\"required name=search_term_string\"}],\"inLanguage\":\"fr-FR\"},{\"@type\":\"Organization\",\"@id\":\"http:\/\/asso-avocatscambodge.org\/#organization\",\"name\":\"Association Franco-Cambodgienne des Avocats et Juristes\",\"alternateName\":\"AFAAC\",\"url\":\"http:\/\/asso-avocatscambodge.org\/\",\"logo\":{\"@type\":\"ImageObject\",\"inLanguage\":\"fr-FR\",\"@id\":\"http:\/\/asso-avocatscambodge.org\/#\/schema\/logo\/image\/\",\"url\":\"https:\/\/asso-avocatscambodge.org\/wp-content\/uploads\/2023\/07\/LOGO-AFCAJ-1.png\",\"contentUrl\":\"https:\/\/asso-avocatscambodge.org\/wp-content\/uploads\/2023\/07\/LOGO-AFCAJ-1.png\",\"width\":1667,\"height\":455,\"caption\":\"Association Franco-Cambodgienne des Avocats et Juristes\"},\"image\":{\"@id\":\"http:\/\/asso-avocatscambodge.org\/#\/schema\/logo\/image\/\"}}]}<\/script>\n<!-- \/ Yoast SEO plugin. -->","yoast_head_json":{"title":"Mentions l\u00e9gales - AFCAJ","robots":{"index":"index","follow":"follow","max-snippet":"max-snippet:-1","max-image-preview":"max-image-preview:large","max-video-preview":"max-video-preview:-1"},"canonical":"http:\/\/asso-avocatscambodge.org\/index.php\/mentions-legales\/","og_locale":"fr_FR","og_type":"article","og_title":"Mentions l\u00e9gales - AFCAJ","og_description":"Association Franco-Cambodgienne des Avocats et Juristes &#8211; AFCAJ 8, rue de l&rsquo;Arcade &#8211; 75008 PARIS Pr\u00e9sident :\u00a0M. Wissam MGHAZLI Directeur de la publication :\u00a0M. Wissam MGHAZLI Responsable de la r\u00e9daction...","og_url":"http:\/\/asso-avocatscambodge.org\/index.php\/mentions-legales\/","og_site_name":"AFCAJ","article_modified_time":"2024-07-02T13:39:28+00:00","twitter_card":"summary_large_image","twitter_misc":{"Dur\u00e9e de lecture estim\u00e9e":"3 minutes"},"schema":{"@context":"https:\/\/schema.org","@graph":[{"@type":"WebPage","@id":"http:\/\/asso-avocatscambodge.org\/index.php\/mentions-legales\/","url":"http:\/\/asso-avocatscambodge.org\/index.php\/mentions-legales\/","name":"Mentions l\u00e9gales - AFCAJ","isPartOf":{"@id":"http:\/\/asso-avocatscambodge.org\/#website"},"datePublished":"2023-02-06T13:16:50+00:00","dateModified":"2024-07-02T13:39:28+00:00","breadcrumb":{"@id":"http:\/\/asso-avocatscambodge.org\/index.php\/mentions-legales\/#breadcrumb"},"inLanguage":"fr-FR","potentialAction":[{"@type":"ReadAction","target":["http:\/\/asso-avocatscambodge.org\/index.php\/mentions-legales\/"]}]},{"@type":"BreadcrumbList","@id":"http:\/\/asso-avocatscambodge.org\/index.php\/mentions-legales\/#breadcrumb","itemListElement":[{"@type":"ListItem","position":1,"name":"Accueil","item":"http:\/\/asso-avocatscambodge.org\/"},{"@type":"ListItem","position":2,"name":"Mentions l\u00e9gales"}]},{"@type":"WebSite","@id":"http:\/\/asso-avocatscambodge.org\/#website","url":"http:\/\/asso-avocatscambodge.org\/","name":"Site de l'association","description":"Association Franco-Cambodgienne des Avocats et Juristes","publisher":{"@id":"http:\/\/asso-avocatscambodge.org\/#organization"},"potentialAction":[{"@type":"SearchAction","target":{"@type":"EntryPoint","urlTemplate":"http:\/\/asso-avocatscambodge.org\/?s={search_term_string}"},"query-input":"required name=search_term_string"}],"inLanguage":"fr-FR"},{"@type":"Organization","@id":"http:\/\/asso-avocatscambodge.org\/#organization","name":"Association Franco-Cambodgienne des Avocats et Juristes","alternateName":"AFAAC","url":"http:\/\/asso-avocatscambodge.org\/","logo":{"@type":"ImageObject","inLanguage":"fr-FR","@id":"http:\/\/asso-avocatscambodge.org\/#\/schema\/logo\/image\/","url":"https:\/\/asso-avocatscambodge.org\/wp-content\/uploads\/2023\/07\/LOGO-AFCAJ-1.png","contentUrl":"https:\/\/asso-avocatscambodge.org\/wp-content\/uploads\/2023\/07\/LOGO-AFCAJ-1.png","width":1667,"height":455,"caption":"Association Franco-Cambodgienne des Avocats et Juristes"},"image":{"@id":"http:\/\/asso-avocatscambodge.org\/#\/schema\/logo\/image\/"}}]}},"_links":{"self":[{"href":"https:\/\/asso-avocatscambodge.org\/index.php\/wp-json\/wp\/v2\/pages\/243","targetHints":{"allow":["GET"]}}],"collection":[{"href":"https:\/\/asso-avocatscambodge.org\/index.php\/wp-json\/wp\/v2\/pages"}],"about":[{"href":"https:\/\/asso-avocatscambodge.org\/index.php\/wp-json\/wp\/v2\/types\/page"}],"author":[{"embeddable":true,"href":"https:\/\/asso-avocatscambodge.org\/index.php\/wp-json\/wp\/v2\/users\/1"}],"replies":[{"embeddable":true,"href":"https:\/\/asso-avocatscambodge.org\/index.php\/wp-json\/wp\/v2\/comments?post=243"}],"version-history":[{"count":7,"href":"https:\/\/asso-avocatscambodge.org\/index.php\/wp-json\/wp\/v2\/pages\/243\/revisions"}],"predecessor-version":[{"id":337,"href":"https:\/\/asso-avocatscambodge.org\/index.php\/wp-json\/wp\/v2\/pages\/243\/revisions\/337"}],"wp:attachment":[{"href":"https:\/\/asso-avocatscambodge.org\/index.php\/wp-json\/wp\/v2\/media?parent=243"}],"curies":[{"name":"wp","href":"https:\/\/api.w.org\/{rel}","templated":true}]}}